{"id":2,"date":"2025-07-22T08:03:16","date_gmt":"2025-07-22T08:03:16","guid":{"rendered":"https:\/\/acabar.org\/?page_id=2"},"modified":"2026-02-22T13:33:49","modified_gmt":"2026-02-22T13:33:49","slug":"sample-page","status":"publish","type":"page","link":"https:\/\/acabar.org\/","title":{"rendered":"Startseite"},"content":{"rendered":"\n<h1 class=\"wp-block-heading has-text-align-center\">A C A B A R<\/h1>\n\n\n\n<p class=\"has-text-align-center\"><strong>LATIN COCKTAIL BAR<\/strong><\/p>\n\n\n\n<div style=\"height:30px\" aria-hidden=\"true\" class=\"wp-block-spacer\"><\/div>\n\n\n\n<p>Willkommen bei ACABAR \u2013 deinem Latin Cocktail Bar Erlebnis in Wien. Genie\u00dfe exklusive Cocktails, ausgew\u00e4hlte Snacks und einzigartige Atmosph\u00e4re im Herzen des 7. Bezirks.<\/p>\n\n\n\n<div style=\"height:40px\" aria-hidden=\"true\" class=\"wp-block-spacer\"><\/div>\n\n\n\n<h2 class=\"wp-block-heading\">Unsere Spezialit\u00e4ten<\/h2>\n\n\n\n<div class=\"wp-block-columns is-layout-flex wp-container-core-columns-is-layout-28f84493 wp-block-columns-is-layout-flex\">\n<div class=\"wp-block-column is-layout-flow wp-block-column-is-layout-flow\">\n<h3 class=\"wp-block-heading\">\ud83c\udf78 Cocktails<\/h3>\n\n\n\n<p>Klassische und kreative Cocktails, perfekt zubereitet von unseren Barkeepern.<\/p>\n<\/div>\n\n\n\n<div class=\"wp-block-column is-layout-flow wp-block-column-is-layout-flow\">\n<h3 class=\"wp-block-heading\">\u2615 Kaffee<\/h3>\n\n\n\n<p>Erstklassiger Kaffee f\u00fcr den perfekten Start in den Tag oder als Digestif.<\/p>\n<\/div>\n\n\n\n<div class=\"wp-block-column is-layout-flow wp-block-column-is-layout-flow\">\n<h3 class=\"wp-block-heading\">\ud83c\udf7d\ufe0f Snacks<\/h3>\n\n\n\n<p>Leckere Begleiter zu deinem Drink \u2013 von kleinen Happen bis zu herzhaften Speisen.<\/p>\n<\/div>\n<\/div>\n\n\n\n<div style=\"height:40px\" aria-hidden=\"true\" class=\"wp-block-spacer\"><\/div>\n\n\n\n<h2 class=\"wp-block-heading\">\ud83d\udccd Standort<\/h2>\n\n\n\n<p><strong>ACABAR Latin Cocktail Bar<\/strong><br>Burggasse 103<br>1070 Wien, \u00d6sterreich<\/p>\n\n\n\n<iframe src=\"https:\/\/www.google.com\/maps\/embed?pb=!1m18!1m12!1m3!1d10761.726796692325!2d16.34420877605704!3d48.20438785748191!2m3!1f0!2f0!3f0!3m2!1i1024!2i768!4f13.1!3m3!1m2!1s0x476d07e1b3c8a9f1%3A0x1a2b3c4d5e6f7g8h!2sBurggasse%20103%2C%201070%20Wien!5e0!3m2!1sde!2sat!4v1708600000000!5m2!1sde!2sat\" width=\"100%\" height=\"400\" style=\"border:0;\" allowfullscreen=\"\" loading=\"lazy\" referrerpolicy=\"no-referrer-when-downgrade\"><\/iframe>\n\n\n\n<div style=\"height:40px\" aria-hidden=\"true\" class=\"wp-block-spacer\"><\/div>\n\n\n\n<h2 class=\"wp-block-heading\">\ud83d\udd55 \u00d6ffnungszeiten<\/h2>\n\n\n\n<figure class=\"wp-block-table\"><table><tbody><tr><td><strong>Montag<\/strong><\/td><td>Geschlossen<\/td><\/tr><tr><td><strong>Dienstag<\/strong><\/td><td>Geschlossen<\/td><\/tr><tr><td><strong>Mittwoch<\/strong><\/td><td>Geschlossen<\/td><\/tr><tr><td><strong>Donnerstag<\/strong><\/td><td>Geschlossen<\/td><\/tr><tr><td><strong>Freitag<\/strong><\/td><td>17:00 \u2013 02:00 Uhr<\/td><\/tr><tr><td><strong>Samstag<\/strong><\/td><td>17:00 \u2013 02:00 Uhr<\/td><\/tr><tr><td><strong>Sonntag<\/strong><\/td><td>17:00 \u2013 02:00 Uhr<\/td><\/tr><\/tbody><\/table><\/figure>\n\n\n\n<p class=\"has-text-align-center\"><em>Wir freuen uns auf deinen Besuch!<\/em><\/p>\n","protected":false},"excerpt":{"rendered":"<p>A C A B A R LATIN COCKTAIL BAR Willkommen bei ACABAR \u2013 deinem Latin Cocktail Bar Erlebnis in Wien. Genie\u00dfe exklusive Cocktails, ausgew\u00e4hlte Snacks und einzigartige Atmosph\u00e4re im Herzen des 7. Bezirks. Unsere Spezialit\u00e4ten \ud83c\udf78 Cocktails Klassische und kreative Cocktails, perfekt zubereitet von unseren Barkeepern. \u2615 Kaffee Erstklassiger Kaffee f\u00fcr den perfekten Start in [&hellip;]<\/p>\n","protected":false},"author":1,"featured_media":0,"parent":0,"menu_order":0,"comment_status":"closed","ping_status":"open","template":"","meta":{"footnotes":""},"class_list":["post-2","page","type-page","status-publish","hentry"],"_links":{"self":[{"href":"https:\/\/acabar.org\/index.php?rest_route=\/wp\/v2\/pages\/2","targetHints":{"allow":["GET"]}}],"collection":[{"href":"https:\/\/acabar.org\/index.php?rest_route=\/wp\/v2\/pages"}],"about":[{"href":"https:\/\/acabar.org\/index.php?rest_route=\/wp\/v2\/types\/page"}],"author":[{"embeddable":true,"href":"https:\/\/acabar.org\/index.php?rest_route=\/wp\/v2\/users\/1"}],"replies":[{"embeddable":true,"href":"https:\/\/acabar.org\/index.php?rest_route=%2Fwp%2Fv2%2Fcomments&post=2"}],"version-history":[{"count":1,"href":"https:\/\/acabar.org\/index.php?rest_route=\/wp\/v2\/pages\/2\/revisions"}],"predecessor-version":[{"id":26,"href":"https:\/\/acabar.org\/index.php?rest_route=\/wp\/v2\/pages\/2\/revisions\/26"}],"wp:attachment":[{"href":"https:\/\/acabar.org\/index.php?rest_route=%2Fwp%2Fv2%2Fmedia&parent=2"}],"curies":[{"name":"wp","href":"https:\/\/api.w.org\/{rel}","templated":true}]}}